{"id":604,"date":"2025-06-12T14:49:52","date_gmt":"2025-06-12T12:49:52","guid":{"rendered":"https:\/\/www.pegasus-marketing.eu\/helfen-mit-musik\/?page_id=604"},"modified":"2025-06-12T14:58:34","modified_gmt":"2025-06-12T12:58:34","slug":"barrierefreiheitshinweise","status":"publish","type":"page","link":"https:\/\/www.pegasus-marketing.eu\/helfen-mit-musik\/barrierefreiheitshinweise\/","title":{"rendered":"Barrierefreiheitshinweise"},"content":{"rendered":"<div class=\"fusion-fullwidth fullwidth-box fusion-builder-row-1 fusion-flex-container has-pattern-background has-mask-background nonhundred-percent-fullwidth non-hundred-percent-height-scrolling\" style=\"--awb-border-radius-top-left:0px;--awb-border-radius-top-right:0px;--awb-border-radius-bottom-right:0px;--awb-border-radius-bottom-left:0px;--awb-margin-top:50px;--awb-margin-top-small:-200px;--awb-flex-wrap:wrap;\" ><div class=\"fusion-builder-row fusion-row fusion-flex-align-items-flex-start fusion-flex-content-wrap\" style=\"max-width:1456px;margin-left: calc(-4% \/ 2 );margin-right: calc(-4% \/ 2 );\"><div class=\"fusion-layout-column fusion_builder_column fusion-builder-column-0 fusion_builder_column_1_5 1_5 fusion-flex-column\" style=\"--awb-bg-size:cover;--awb-width-large:20%;--awb-margin-top-large:0px;--awb-spacing-right-large:9.6%;--awb-margin-bottom-large:20px;--awb-spacing-left-large:9.6%;--awb-width-medium:20%;--awb-order-medium:0;--awb-spacing-right-medium:9.6%;--awb-spacing-left-medium:9.6%;--awb-width-small:100%;--awb-order-small:0;--awb-spacing-right-small:1.92%;--awb-spacing-left-small:1.92%;\"><div class=\"fusion-column-wrapper fusion-column-has-shadow fusion-flex-justify-content-flex-start fusion-content-layout-column\"><div class=\"fusion-title title fusion-title-1 fusion-sep-none fusion-title-text fusion-title-size-four\" style=\"--awb-text-color:var(--awb-color2);\"><h4 class=\"fusion-title-heading title-heading-left fusion-responsive-typography-calculated\" style=\"margin:0;text-transform:uppercase;--fontSize:24;line-height:var(--awb-typography1-line-height);\">Barrierefreiheit<\/h4><\/div><\/div><\/div><div class=\"fusion-layout-column fusion_builder_column fusion-builder-column-1 fusion_builder_column_4_5 4_5 fusion-flex-column\" style=\"--awb-padding-top:3%;--awb-padding-right:3%;--awb-padding-bottom:0%;--awb-padding-left:3%;--awb-overflow:hidden;--awb-bg-color:rgba(55,53,59,0.95);--awb-bg-color-hover:rgba(55,53,59,0.95);--awb-bg-size:cover;--awb-border-color:var(--awb-color3);--awb-border-top:1px;--awb-border-right:1px;--awb-border-bottom:1px;--awb-border-left:1px;--awb-border-style:solid;--awb-border-radius:10px 10px 10px 10px;--awb-width-large:80%;--awb-margin-top-large:0px;--awb-spacing-right-large:12%;--awb-margin-bottom-large:0px;--awb-spacing-left-large:12%;--awb-width-medium:80%;--awb-order-medium:0;--awb-spacing-right-medium:12%;--awb-spacing-left-medium:12%;--awb-width-small:100%;--awb-order-small:0;--awb-spacing-right-small:1.92%;--awb-spacing-left-small:1.92%;\" data-scroll-devices=\"small-visibility,medium-visibility,large-visibility\"><div class=\"fusion-column-wrapper fusion-column-has-shadow fusion-flex-justify-content-flex-start fusion-content-layout-column\"><div class=\"fusion-text fusion-text-1\"><h2>Barrierefreiheitshinweise<\/h2>\n<p>Wir (Helfen mit Musik e.V.) als Websitebetreiber sind bem\u00fcht, die Website in Einklang mit den einschl\u00e4gigen Vorschriften zur Barrierefreiheit zu gestalten. F\u00fcr uns gelten folgende Rechtsvorschriften:<\/p>\n<p>Bayerisches Gesetz zur Gleichstellung, Integration und Teilhabe von Menschen mit Behinderung (Bayerisches Behindertengleichstellungsgesetz \u2013 BayBGG) und Bayerische Barrierefreie Informationstechnik-Verordnung (BayBITV)<\/p>\n<h3>Website<\/h3>\n<p>Diese Erkl\u00e4rung zur Barrierefreiheit gilt f\u00fcr die Website <a href=\"http:\/\/www,helfen-mit-musik.de\">http:\/\/www,helfen-mit-musik.de<\/a>.<\/p>\n<h3>Feedback und Kontaktangaben<\/h3>\n<p>Sind Ihnen M\u00e4ngel beim barrierefreien Zugang zu Inhalten auf unserer Website aufgefallen oder haben Sie Anmerkungen sowie Fragen zum barrierefreien Zugang? Melden Sie sich gerne bei uns unter:<\/p>\n<p>Helfen mit Musik e.V.<br \/>\nHainbergweg 1<br \/>\n95126 Schwarzenbach \/ Saale<br \/>\nTelefon: 09284\/201475<br \/>\nE-Mail: info@helfen-mit-musik.de<\/p>\n<h3>Stand der Vereinbarkeit mit den Anforderungen<\/h3>\n<p>Diese Website wird derzeit auf ihre Vereinbarkeit mit den Vorgaben zur Barrierefreiheit \u00fcberpr\u00fcft. Sobald die Egebnisse vorliegen, werden wir sie an dieser Stelle ver\u00f6ffentlichen.<\/p>\n<h3>Weitergehende Ma\u00dfnahmen zur Verbesserung des barrierefreien Zugangs zu unserer Website<\/h3>\n<p>Wir bem\u00fchen uns stets um die Verbesserung der barrierefreien Zugangsm\u00f6glichkeiten zu unserer Website. Derzeit tun wir hierzu Folgendes:<\/p>\n<p>Wir arbeiten stetig an der Vervollst\u00e4ndigung der Barrierefreiheit unserer Homepage.<br \/>\nSollten Sie Tipps oder Hinweise zur Verbesserung der Barrierefreiheit dieser Webseite haben, schreiben Sie uns bitte per Mail an:<br \/>\ninfo@helfen-mit-musik.de<br \/>\noder rufen Sie uns an: 09284 201475<br \/>\n.<\/p>\n<h3>Durchsetzungsverfahren<\/h3>\n<p>Sollten Sie der Ansicht sein, dass Sie durch eine nicht ausreichende barrierefreie Gestaltung unserer Website benachteiligt sind, k\u00f6nnen Sie sich an die zust\u00e4ndige Durchsetzungsstelle wenden. Diese erreichen Sie unter:<\/p>\n<p>Landesamt f\u00fcr Digitalisierung, Breitband und Vermessung<br \/>\nIT-Dienstleistungszentrum des Freistaats Bayern<br \/>\nDurchsetzungs- und \u00dcberwachungsstelle f\u00fcr barrierefreie Informationstechnik<br \/>\nSt.-Martin-Stra\u00dfe 47<br \/>\n81541 M\u00fcnchen<\/p>\n<p>E-Mail: <a href=\"mailto:bitv@bayern.de\">bitv@bayern.de<\/a><\/p>\n<h3>Erstellung dieser Erkl\u00e4rung zur Barrierefreiheit<\/h3>\n<p>Diese Erkl\u00e4rung wurde am 12.06.2025 erstellt.<\/p>\n<p>Die Erkl\u00e4rung wurde zuletzt am 12.06.2025 \u00fcberpr\u00fcft.<\/p>\n<p>Quelle: <a href=\"https:\/\/www.e-recht24.de\/barrierefreiheitserklaerung.html\">eRecht24<\/a><\/p>\n<\/div><\/div><\/div><\/div><\/div>\n","protected":false},"excerpt":{"rendered":"","protected":false},"author":1,"featured_media":0,"parent":0,"menu_order":0,"comment_status":"closed","ping_status":"closed","template":"","meta":{"footnotes":""},"class_list":["post-604","page","type-page","status-publish","hentry"],"_links":{"self":[{"href":"https:\/\/www.pegasus-marketing.eu\/helfen-mit-musik\/wp-json\/wp\/v2\/pages\/604","targetHints":{"allow":["GET"]}}],"collection":[{"href":"https:\/\/www.pegasus-marketing.eu\/helfen-mit-musik\/wp-json\/wp\/v2\/pages"}],"about":[{"href":"https:\/\/www.pegasus-marketing.eu\/helfen-mit-musik\/wp-json\/wp\/v2\/types\/page"}],"author":[{"embeddable":true,"href":"https:\/\/www.pegasus-marketing.eu\/helfen-mit-musik\/wp-json\/wp\/v2\/users\/1"}],"replies":[{"embeddable":true,"href":"https:\/\/www.pegasus-marketing.eu\/helfen-mit-musik\/wp-json\/wp\/v2\/comments?post=604"}],"version-history":[{"count":4,"href":"https:\/\/www.pegasus-marketing.eu\/helfen-mit-musik\/wp-json\/wp\/v2\/pages\/604\/revisions"}],"predecessor-version":[{"id":608,"href":"https:\/\/www.pegasus-marketing.eu\/helfen-mit-musik\/wp-json\/wp\/v2\/pages\/604\/revisions\/608"}],"wp:attachment":[{"href":"https:\/\/www.pegasus-marketing.eu\/helfen-mit-musik\/wp-json\/wp\/v2\/media?parent=604"}],"curies":[{"name":"wp","href":"https:\/\/api.w.org\/{rel}","templated":true}]}}